{"id":2217,"date":"2018-03-20T17:55:56","date_gmt":"2018-03-20T16:55:56","guid":{"rendered":"http:\/\/www.centredappuiscolaire.ch\/faire-un-don\/"},"modified":"2025-11-12T11:27:45","modified_gmt":"2025-11-12T10:27:45","slug":"faire-un-don","status":"publish","type":"page","link":"https:\/\/centredappuiscolaire.ch\/de\/faire-un-don\/","title":{"rendered":"Faire un don"},"content":{"rendered":"<p><div class=\"fusion-fullwidth fullwidth-box fusion-builder-row-1 hundred-percent-fullwidth non-hundred-percent-height-scrolling fusion-equal-height-columns\" style=\"background-color: #ffffff;background-position: left top;background-repeat: no-repeat;padding-top:0px;padding-right:0px;padding-bottom:0px;padding-left:0px;margin-bottom: 0px;margin-top: 0px;border-width: 0px 0px 0px 0px;border-color:#ffffff;border-style:solid;\" ><div class=\"fusion-builder-row fusion-row\"><div class=\"fusion-layout-column fusion_builder_column fusion-builder-column-0 fusion_builder_column_2_3 2_3 fusion-two-third fusion-column-first\" style=\"margin-top:0px;margin-bottom:0px;\"><div class=\"fusion-column-wrapper fusion-flex-column-wrapper-legacy\" style=\"background-position:left top;background-repeat:no-repeat;-webkit-background-size:cover;-moz-background-size:cover;-o-background-size:cover;background-size:cover;background-color:#f5f5f5;padding: 100px 10% 100px 10%;\"><div class=\"fusion-column-content-centered\"><div class=\"fusion-column-content\"><div class=\"fusion-text fusion-text-1\"><h2>SPENDEN<\/h2>\n<\/div><div class=\"fusion-sep-clear\"><\/div><div class=\"fusion-separator fusion-clearfix\" style=\"float:left;margin-top:0px;margin-bottom:40px;width:100%;max-width:200px;\"><div class=\"fusion-separator-border sep-single sep-solid\" style=\"border-color:#fec96b;border-top-width:3px;\"><\/div><\/div><div class=\"fusion-sep-clear\"><\/div><div class=\"fusion-text fusion-text-2\"><p>Mit ihrer Spende an Centre d\u2019Appui Scolaire unterst\u00fctzen Sie konkret Kinder und Jugendliche, die unter den schulischen Folgen einer Erkrankung leiden.<\/p>\n<p>Ihre Spende erlaubt uns, \u2026<\/p>\n<ul>\n<li>\u2026 eine langfristige Vertrauensbasis f\u00fcr die Arbeit mit Kindern und Jugendlichen aufzubauen,<\/li>\n<li>\u2026 auf die Bed\u00fcrfnisse von Familien und Gesundheitsdiensten einzugehen.<\/li>\n<li>\u2026 unsere T\u00e4tigkeit auf lange Sicht auszurichten und nachhaltig zu gestalten.<\/li>\n<\/ul>\n<p>So helfen Sie Kindern und Jugendlichen dabei, ihre schulische Laufbahn trotz einer Erkrankung erfolgreich zu meistern.<\/p>\n<p>Daf\u00fcr danken wir Ihnen.<\/p>\n<\/div><\/div><\/div><div class=\"fusion-clearfix\"><\/div><\/div><\/div><div class=\"fusion-layout-column fusion_builder_column fusion-builder-column-1 fusion_builder_column_1_3 1_3 fusion-one-third fusion-column-last\" style=\"margin-top:0px;margin-bottom:0px;\"><div class=\"fusion-column-wrapper fusion-flex-column-wrapper-legacy\" style=\"background-image: url(&#039;http:\/\/www.centredappuiscolaire.ch\/wp-content\/uploads\/2016\/08\/DSC_5896.png&#039;);background-position:center center;background-repeat:no-repeat;-webkit-background-size:cover;-moz-background-size:cover;-o-background-size:cover;background-size:cover;padding: 100px 0px 100px 0px;\" data-bg-url=\"http:\/\/www.centredappuiscolaire.ch\/wp-content\/uploads\/2016\/08\/DSC_5896.png\"><div class=\"fusion-column-content-centered\"><div class=\"fusion-column-content\"><\/div><\/div><div class=\"fusion-clearfix\"><\/div><\/div><\/div><\/div><\/div><div class=\"fusion-fullwidth fullwidth-box fusion-builder-row-2 hundred-percent-fullwidth non-hundred-percent-height-scrolling fusion-equal-height-columns\" style=\"background-color: #eaeaea;background-position: left top;background-repeat: no-repeat;padding-top:0px;padding-right:0px;padding-bottom:0px;padding-left:0px;margin-bottom: 0px;margin-top: 0px;border-width: 0px 0px 0px 0px;border-color:#efefef;border-style:solid;\" ><div class=\"fusion-builder-row fusion-row\"><div class=\"fusion-layout-column fusion_builder_column fusion-builder-column-2 fusion_builder_column_1_3 1_3 fusion-one-third fusion-column-first\" style=\"margin-top:0px;margin-bottom:0px;\"><div class=\"fusion-column-wrapper fusion-flex-column-wrapper-legacy\" style=\"background-image: url(&#039;http:\/\/www.centredappuiscolaire.ch\/wp-content\/uploads\/2017\/07\/DSC_4903.png&#039;);background-position:center center;background-repeat:no-repeat;-webkit-background-size:cover;-moz-background-size:cover;-o-background-size:cover;background-size:cover;padding: 100px 0px 100px 0px;\" data-bg-url=\"http:\/\/www.centredappuiscolaire.ch\/wp-content\/uploads\/2017\/07\/DSC_4903.png\"><div class=\"fusion-column-content-centered\"><div class=\"fusion-column-content\"><\/div><\/div><div class=\"fusion-clearfix\"><\/div><\/div><\/div><div class=\"fusion-layout-column fusion_builder_column fusion-builder-column-3 fusion_builder_column_2_3 2_3 fusion-two-third fusion-column-last\" style=\"margin-top:0px;margin-bottom:0px;\"><div class=\"fusion-column-wrapper fusion-flex-column-wrapper-legacy\" style=\"background-position:left top;background-repeat:no-repeat;-webkit-background-size:cover;-moz-background-size:cover;-o-background-size:cover;background-size:cover;background-color:#f5f5f5;padding: 100px 10% 100px 10%;\"><div class=\"fusion-column-content-centered\"><div class=\"fusion-column-content\"><div class=\"fusion-text fusion-text-3\"><h2>SO K\u00d6NNEN SIE UNS UNTERST\u00dcTZEN<\/h2>\n<\/div><div class=\"fusion-sep-clear\"><\/div><div class=\"fusion-separator fusion-clearfix\" style=\"float:left;margin-top:0px;margin-bottom:40px;width:100%;max-width:200px;\"><div class=\"fusion-separator-border sep-single sep-solid\" style=\"border-color:#fec96b;border-top-width:3px;\"><\/div><\/div><div class=\"fusion-sep-clear\"><\/div><div class=\"fusion-text fusion-text-4\"><p>Centre d\u2019Appui Scolaire ist als gemeinn\u00fctziger Verein anerkannt. Freiwillige Spenden k\u00f6nnen deshalb von den Steuern abgezogen werden.<\/p>\n<p>Sie k\u00f6nnen nach Wunsch einen einmaligen Betrag oder regelm\u00e4ssig (monatlich, alle drei Monate, einmal im Jahr usw.) spenden. Kontaktieren Sie uns, wenn Sie Fragen zu den Spenden und den m\u00f6glichen Steuerabz\u00fcgen haben. Wir geben Ihnen gerne n\u00e4here Auskunft.<\/p>\n<p>Bankverbindungen des Centre d\u2019Appui Scolaire :<\/p>\n<ul>\n<li>Banque Cantonale de Gen\u00e8ve<\/li>\n<li>1204 Genf<\/li>\n<li>IBAN: CH85 0078 8000 0503 7323 7<\/li>\n<li>Adresse: Centre d\u2019Appui Scolaire | Rue de la Fontenette 25 | 1227 Carouge<\/li>\n<\/ul>\n<p>Im Namen aller unserer Nachhilfesch\u00fclerinnen und -sch\u00fcler danken wir Ihnen von Herzen f\u00fcr Ihre Unterst\u00fctzung!<\/p>\n<\/div><div class=\"imageframe-align-center\"><span class=\" fusion-imageframe imageframe-none imageframe-1 hover-type-none\"><img decoding=\"async\" width=\"181\" height=\"182\" title=\"QR Code CAS\" src=\"https:\/\/centredappuiscolaire.ch\/wp-content\/uploads\/2022\/02\/QR-Code-CAS.png\" class=\"img-responsive wp-image-3396\" srcset=\"https:\/\/centredappuiscolaire.ch\/wp-content\/uploads\/2022\/02\/QR-Code-CAS-66x66.png 66w, https:\/\/centredappuiscolaire.ch\/wp-content\/uploads\/2022\/02\/QR-Code-CAS-150x150.png 150w, https:\/\/centredappuiscolaire.ch\/wp-content\/uploads\/2022\/02\/QR-Code-CAS.png 181w\" sizes=\"(max-width: 181px) 100vw, 181px\" \/><\/span><\/div><\/div><\/div><div class=\"fusion-clearfix\"><\/div><\/div><\/div><\/div><\/div><div class=\"fusion-fullwidth fullwidth-box fusion-builder-row-3 hundred-percent-fullwidth non-hundred-percent-height-scrolling fusion-equal-height-columns\" style=\"background-color: rgba(255,255,255,0);background-position: left top;background-repeat: no-repeat;padding-top:0px;padding-right:0px;padding-bottom:0px;padding-left:0px;margin-bottom: 0px;margin-top: 0px;border-width: 0px 0px 0px 0px;border-color:#eae9e9;border-style:solid;\" ><div class=\"fusion-builder-row fusion-row\"><div class=\"fusion-layout-column fusion_builder_column fusion-builder-column-4 fusion_builder_column_1_4 1_4 fusion-one-fourth fusion-column-first fusion-column-inner-bg-wrapper fusion-column-liftup-border\" style=\"margin-top:0px;margin-bottom:0px;\"><div class=\"fusion-column-wrapper fusion-flex-column-wrapper-legacy\" style=\"padding: 100px 10% 100px 10%;\"><div class=\"fusion-fa-align-center\"><i class=\"fb-icon-element-1 fb-icon-element fontawesome-icon fa fa-star circle-yes\" style=\"font-size:88px;line-height:174px;height:176px;width:176px;border-width:1px;\"><\/i><\/div><style>i.fb-icon-element.fontawesome-icon.fb-icon-element-1{ color: #ffffff; background-color: rgba(51,51,51,0); border-color: rgba(51,51,51,0);}i.fb-icon-element.fontawesome-icon.fb-icon-element-1:hover { color: #ffffff; background-color: rgba(51,51,51,0); border-color: rgba(51,51,51,0);}<\/style><div class=\"fusion-sep-clear\"><\/div><div class=\"fusion-separator fusion-full-width-sep\" style=\"margin-left: auto;margin-right: auto;margin-top:-10px;width:100%;\"><\/div><div class=\"fusion-sep-clear\"><\/div><div class=\"fusion-text fusion-text-5\"><h4 style=\"text-align: center; color: #fff;\">VEREIN<\/h4>\n<\/div><div class=\"fusion-clearfix\"><\/div><\/div><span class=\"fusion-column-inner-bg hover-type-liftup\"><a href=\"https:\/\/centredappuiscolaire.ch\/de\/association\/\"><span class=\"fusion-column-inner-bg-image\" style=\"background-color:#ed6967;background-position:left top;background-repeat:no-repeat;-webkit-background-size:cover;-moz-background-size:cover;-o-background-size:cover;background-size:cover;\"><\/span><\/a><\/span><\/div><div class=\"fusion-layout-column fusion_builder_column fusion-builder-column-5 fusion_builder_column_1_4 1_4 fusion-one-fourth fusion-column-inner-bg-wrapper fusion-column-liftup-border\" style=\"margin-top:0px;margin-bottom:0px;\"><div class=\"fusion-column-wrapper fusion-flex-column-wrapper-legacy\" style=\"padding: 100px 10% 100px 10%;\"><div class=\"fusion-fa-align-center\"><i class=\"fb-icon-element-2 fb-icon-element fontawesome-icon fa fa-users circle-yes\" style=\"font-size:88px;line-height:174px;height:176px;width:176px;border-width:1px;\"><\/i><\/div><style>i.fb-icon-element.fontawesome-icon.fb-icon-element-2{ color: #ffffff; background-color: rgba(51,51,51,0); border-color: rgba(51,51,51,0);}i.fb-icon-element.fontawesome-icon.fb-icon-element-2:hover { color: #ffffff; background-color: rgba(51,51,51,0); border-color: rgba(51,51,51,0);}<\/style><div class=\"fusion-sep-clear\"><\/div><div class=\"fusion-separator fusion-full-width-sep\" style=\"margin-left: auto;margin-right: auto;margin-top:-10px;width:100%;\"><\/div><div class=\"fusion-sep-clear\"><\/div><div class=\"fusion-text fusion-text-6\"><h4 style=\"text-align: center; color: #fff;\">WEM WIR HELFEN<\/h4>\n<\/div><div class=\"fusion-clearfix\"><\/div><\/div><span class=\"fusion-column-inner-bg hover-type-liftup\"><a href=\"https:\/\/centredappuiscolaire.ch\/de\/beneficiaires\/\"><span class=\"fusion-column-inner-bg-image\" style=\"background-color:#fec96b;background-position:left top;background-repeat:no-repeat;-webkit-background-size:cover;-moz-background-size:cover;-o-background-size:cover;background-size:cover;\"><\/span><\/a><\/span><\/div><div class=\"fusion-layout-column fusion_builder_column fusion-builder-column-6 fusion_builder_column_1_4 1_4 fusion-one-fourth fusion-column-inner-bg-wrapper fusion-column-liftup-border\" style=\"margin-top:0px;margin-bottom:0px;\"><div class=\"fusion-column-wrapper fusion-flex-column-wrapper-legacy\" style=\"padding: 100px 10% 100px 10%;\"><div class=\"fusion-fa-align-center\"><i class=\"fb-icon-element-3 fb-icon-element fontawesome-icon fa fa-sitemap circle-yes\" style=\"font-size:88px;line-height:174px;height:176px;width:176px;border-width:1px;\"><\/i><\/div><style>i.fb-icon-element.fontawesome-icon.fb-icon-element-3{ color: #ffffff; background-color: rgba(51,51,51,0); border-color: rgba(51,51,51,0);}i.fb-icon-element.fontawesome-icon.fb-icon-element-3:hover { color: #ffffff; background-color: rgba(51,51,51,0); border-color: rgba(51,51,51,0);}<\/style><div class=\"fusion-sep-clear\"><\/div><div class=\"fusion-separator fusion-full-width-sep\" style=\"margin-left: auto;margin-right: auto;margin-top:-10px;width:100%;\"><\/div><div class=\"fusion-sep-clear\"><\/div><div class=\"fusion-text fusion-text-7\"><h4 style=\"text-align: center; color: #fff;\">WIE WIR HELFEN<\/h4>\n<\/div><div class=\"fusion-clearfix\"><\/div><\/div><span class=\"fusion-column-inner-bg hover-type-liftup\"><a href=\"https:\/\/centredappuiscolaire.ch\/de\/prise-en-charge\/\"><span class=\"fusion-column-inner-bg-image\" style=\"background-color:#408292;background-position:left top;background-repeat:no-repeat;-webkit-background-size:cover;-moz-background-size:cover;-o-background-size:cover;background-size:cover;\"><\/span><\/a><\/span><\/div><div class=\"fusion-layout-column fusion_builder_column fusion-builder-column-7 fusion_builder_column_1_4 1_4 fusion-one-fourth fusion-column-last fusion-column-inner-bg-wrapper fusion-column-liftup-border\" style=\"margin-top:0px;margin-bottom:0px;\"><div class=\"fusion-column-wrapper fusion-flex-column-wrapper-legacy\" style=\"padding: 100px 10% 100px 10%;\"><div class=\"fusion-fa-align-center\"><i class=\"fb-icon-element-4 fb-icon-element fontawesome-icon fa fa-heart circle-yes\" style=\"font-size:88px;line-height:174px;height:176px;width:176px;border-width:1px;\"><\/i><\/div><style>i.fb-icon-element.fontawesome-icon.fb-icon-element-4{ color: #ffffff; background-color: rgba(51,51,51,0); border-color: rgba(51,51,51,0);}i.fb-icon-element.fontawesome-icon.fb-icon-element-4:hover { color: #ffffff; background-color: rgba(51,51,51,0); border-color: rgba(51,51,51,0);}<\/style><div class=\"fusion-sep-clear\"><\/div><div class=\"fusion-separator fusion-full-width-sep\" style=\"margin-left: auto;margin-right: auto;margin-top:-10px;width:100%;\"><\/div><div class=\"fusion-sep-clear\"><\/div><div class=\"fusion-text fusion-text-8\"><h4 style=\"text-align: center; color: #fff;\">SPENDEN<\/h4>\n<\/div><div class=\"fusion-clearfix\"><\/div><\/div><span class=\"fusion-column-inner-bg hover-type-liftup\"><a href=\"https:\/\/centredappuiscolaire.ch\/de\/faire-un-don\/\"><span class=\"fusion-column-inner-bg-image\" style=\"background-color:#5c6668;background-position:left top;background-repeat:no-repeat;-webkit-background-size:cover;-moz-background-size:cover;-o-background-size:cover;background-size:cover;\"><\/span><\/a><\/span><\/div><\/div><\/div><\/p>\n","protected":false},"excerpt":{"rendered":"","protected":false},"author":1,"featured_media":0,"parent":0,"menu_order":0,"comment_status":"closed","ping_status":"closed","template":"100-width.php","meta":{"_monsterinsights_skip_tracking":false,"_monsterinsights_sitenote_active":false,"_monsterinsights_sitenote_note":"","_monsterinsights_sitenote_category":0,"footnotes":""},"class_list":["post-2217","page","type-page","status-publish","hentry"],"_links":{"self":[{"href":"https:\/\/centredappuiscolaire.ch\/de\/wp-json\/wp\/v2\/pages\/2217","targetHints":{"allow":["GET"]}}],"collection":[{"href":"https:\/\/centredappuiscolaire.ch\/de\/wp-json\/wp\/v2\/pages"}],"about":[{"href":"https:\/\/centredappuiscolaire.ch\/de\/wp-json\/wp\/v2\/types\/page"}],"author":[{"embeddable":true,"href":"https:\/\/centredappuiscolaire.ch\/de\/wp-json\/wp\/v2\/users\/1"}],"replies":[{"embeddable":true,"href":"https:\/\/centredappuiscolaire.ch\/de\/wp-json\/wp\/v2\/comments?post=2217"}],"version-history":[{"count":10,"href":"https:\/\/centredappuiscolaire.ch\/de\/wp-json\/wp\/v2\/pages\/2217\/revisions"}],"predecessor-version":[{"id":4400,"href":"https:\/\/centredappuiscolaire.ch\/de\/wp-json\/wp\/v2\/pages\/2217\/revisions\/4400"}],"wp:attachment":[{"href":"https:\/\/centredappuiscolaire.ch\/de\/wp-json\/wp\/v2\/media?parent=2217"}],"curies":[{"name":"wp","href":"https:\/\/api.w.org\/{rel}","templated":true}]}}